{"id":130,"date":"2021-06-11T09:32:27","date_gmt":"2021-06-11T07:32:27","guid":{"rendered":"http:\/\/unb.be\/?page_id=130"},"modified":"2024-01-21T16:55:54","modified_gmt":"2024-01-21T15:55:54","slug":"faq","status":"publish","type":"page","link":"https:\/\/unb.be\/index.php\/faq\/","title":{"rendered":"FAQ"},"content":{"rendered":"\n<h2 class=\"wp-block-heading\"><strong>1 &#8211; Je recherche un(e) Naturopathe sp\u00e9cialis\u00e9(e).<\/strong><\/h2>\n\n\n\n<p>Tous les naturopathes membres de l&rsquo;UNB sont comp\u00e9tents en mati\u00e8re de nutrition et de stress, c&rsquo;est le B-A &#8211; BA en naturopathie. Les sp\u00e9cialit\u00e9s (cat\u00e9gories d&rsquo;activit\u00e9) de nos membres sont mentionn\u00e9es dans notre <a href=\"https:\/\/unb.be\/index.php\/annuaire\/\">annuaire<\/a>.<\/p>\n\n\n\n<p>Nous vous sugg\u00e9rons de contacter le\/la naturopathe le plus proche de chez vous, voire plusieurs, et de leur demander comment il\/elle travaille.<\/p>\n\n\n\n<h2 class=\"wp-block-heading\"><strong>2 &#8211; Je souhaite un conseil par e-mail ou par t\u00e9l\u00e9phone. Je souhaite avoir des informations sur un rem\u00e8de ou une technique pour mon probl\u00e8me de sant\u00e9.<\/strong><\/h2>\n\n\n\n<p>L\u2019approche naturopathique \u00e9tant globale et causaliste, nous ne sommes pas en mesure de donner de conseils individuels pour harmoniser la sant\u00e9 de fa\u00e7on symptomatique, et encore moins par e-mail ou par t\u00e9l\u00e9phone.<\/p>\n\n\n\n<p>Pour pouvoir r\u00e9pondre correctement \u00e0 votre demande, nous ne pouvons donner de conseils judicieux sans \u00e9tablir un Bilan de Vitalit\u00e9 personnalis\u00e9. C&rsquo;est pourquoi nous vous recommandons de prendre RDV avec l&rsquo;un de nos membres dont la liste est consultable dans l&rsquo;<a href=\"https:\/\/unb.be\/index.php\/annuaire\/\"><a href=\"https:\/\/unb.be\/index.php\/annuaire\/\">annuaire<\/a><\/a>.<\/p>\n\n\n\n<h3 class=\"wp-block-heading\"><strong>&nbsp;<\/strong><\/h3>\n\n\n\n<h2 class=\"wp-block-heading\"><strong>3 &#8211; Je souhaite devenir naturopathe. Je recherche une formation professionnelle s\u00e9rieuse en naturopathie en Belgique. Quelles \u00e9coles pouvez-vous me conseiller pour devenir naturopathe membre de l&rsquo;UNB ?<\/strong><\/h2>\n\n\n\n<p>L\u2019UNB, union professionnelle belge reconnue par le Conseil d&rsquo;Etat belge depuis le 19\/03\/2008 (date de la publication au Moniteur belge &#8211; Acte n\u00b0 38019), est membre effectif de la <a href=\"http:\/\/worldnaturopathicfederation.org\/wnf-members\/\">F\u00e9d\u00e9ration mondiale de la Naturopathie<\/a> (World Naturopathic Federation-WNF). <\/p>\n\n\n\n<p>C&rsquo;et pourquoi l\u2019UNB promeut un cursus p\u00e9dagogique, en contenu de formation et en nombre d&rsquo;heures (1500 heures minimum dont pas moins de 400 heures de formation clinique supervis\u00e9e), conforme aux recommandations de l&rsquo;Organisation Mondiale de la Sant\u00e9 (OMS) et dispensant l&rsquo;enseignement th\u00e9orique et pratique des 10 techniques naturelles selon les 5 principes naturopathiques :<\/p>\n\n\n\n<ul>\n<li>une philosophie vitaliste<\/li>\n\n\n\n<li>une prise en charge de terrain (avec bilan naturopathique : physio-psycho-morphologie, iridologie, pulsologie, anamn\u00e8se, etc.)<\/li>\n\n\n\n<li>une d\u00e9marche causaliste<\/li>\n\n\n\n<li>une approche holistique<\/li>\n\n\n\n<li>des techniques hygi\u00e9nistes<\/li>\n<\/ul>\n\n\n\n<p class=\"has-black-color has-text-color\">Voir les conditions d&rsquo;admission des nouveaux membres UNB et les \u00e9coles membres \u00e9ducatifs de la WNF sur notre site : <a href=\"https:\/\/unb.be\/index.php\/adhesion\/\">cliquez ici<\/a>.<\/p>\n\n\n\n<p><strong>Conform\u00e9ment aux recommandations p\u00e9dagogiques de l&rsquo;OMS et de la WNF,<\/strong><\/p>\n\n\n\n<p><strong>l&rsquo;UNB ne reconnait pas les formations \u00e0 distance ou par correspondance pour devenir naturopathe.&nbsp;<\/strong><\/p>\n\n\n\n<p>En effet, une partie substantielle de toute formation s\u00e9rieuse pour devenir naturopathe n\u00e9cessite un enseignement en pr\u00e9sentiel avec une validation effective des comp\u00e9tences non seulement th\u00e9oriques mais aussi pratiques. La pratique clinique supervis\u00e9e ne peut donc pas s&rsquo;enseigner ni \u00e0 distance ni par correspondance.<\/p>\n\n\n\n<p>Attention !<\/p>\n\n\n\n<p>Certaines formations \u00e0 distance annoncent sur leur site qu&rsquo;elles d\u00e9livrent un \u00ab dipl\u00f4me reconnu \u00bb \u00ab conforme aux exigences de la loi belge \u00bb. Cela rel\u00e8ve de la publicit\u00e9 mensong\u00e8re car la naturopathie n\u2019est pas encore reconnue en Belgique.<\/p>\n\n\n\n<p>En l&rsquo;absence de r\u00e9glementation nationale de la naturopathie, dans un premier temps vous allez certes pouvoir vous installer sans entrave, si, bien \u00e9videmment vous payez vos charges, taxes et imp\u00f4ts. Mais \u00e0 vos risques et p\u00e9rils :<\/p>\n\n\n\n<p>sans avoir toutes les comp\u00e9tences ad\u00e9quates pour accompagner au mieux les patients venant vous consulter,<\/p>\n\n\n\n<p>sans Union professionnelle pour vous conseiller et vous repr\u00e9senter, et sans assurances professionnelles ad\u00e9quates !<\/p>\n\n\n\n<p>Seuls les professionnels d\u00fbment form\u00e9s conform\u00e9ment aux normes p\u00e9dagogiques de l&rsquo;UNB et membres de notre Union professionnelle peuvent b\u00e9n\u00e9ficier de&nbsp; :<\/p>\n\n\n\n<ul>\n<li>nos assurances professionnelles adapt\u00e9es<\/li>\n\n\n\n<li>nos conseils pour leur installation et la promotion de leurs activit\u00e9s.<\/li>\n<\/ul>\n\n\n\n<h3 class=\"wp-block-heading\"><strong>&nbsp;<\/strong><\/h3>\n\n\n\n<h2 class=\"wp-block-heading\"><strong>4 &#8211; Les normes de certification telles que ISO 9001 sont-elles une garantie de formation de qualit\u00e9 en naturopathie ?<\/strong><\/h2>\n\n\n\n<p>Les normes ISO 9001 \/ QFOR ne garantissent pas une comp\u00e9tence du m\u00e9tier de naturopathe mais juste une garantie de respect d&rsquo;un cahier des charges pr\u00e9cis quant \u00e0 la qualit\u00e9 des supports et processus de formation en quelques sorte. Si vous suivez ce type de formation, qu&rsquo;elle soit en pr\u00e9sentiel ou \u00e0 distance, vous pouvez au mieux d\u00e9couvrir des aspects ou des techniques relevant du champ de la naturopathie sans garantie que tout soit exact ou exhaustif mais vous ne serez pas \u00e0 m\u00eame d\u2019\u00eatre&nbsp; un(e) professionnel(le) comp\u00e9tent(e), avec un entra\u00eenement effectif \u00e0 l&rsquo;\u00e9coute empathique, \u00e0 l&rsquo;observation du patient et \u00e0 son accompagnement personnalis\u00e9.<\/p>\n\n\n\n<h3 class=\"wp-block-heading\"><strong>&nbsp;<\/strong><\/h3>\n\n\n\n<h2 class=\"wp-block-heading\"><strong>5 &#8211; Comment b\u00e9n\u00e9ficier des assurances professionnelles UNB (responsabilit\u00e9 civile professionnelle, protection juridique professionnelle) ?&nbsp;<\/strong><\/h2>\n\n\n\n<p>Il convient d&rsquo;introduire avant tout une demande d&rsquo;adh\u00e9sion \u00e0 l&rsquo;UNB justifiant d&rsquo;une formation suffisante en naturopathie.<\/p>\n\n\n\n<p class=\"has-black-color has-text-color\">Voir les conditions d&rsquo;admission \u00e0 l&rsquo;UNB : <a href=\"https:\/\/unb.be\/index.php\/adhesion\/\">ici<\/a>.<\/p>\n\n\n\n<p>Une fois votre demande accept\u00e9e et le paiement de votre adh\u00e9sion comme nouveau membre effectu\u00e9, le Comit\u00e9 Admission de l&rsquo;UNB communiquera vos coordonn\u00e9es compl\u00e8tes \u00e0 notre courtier d&rsquo;assurances pour b\u00e9n\u00e9ficier de nos deux assurances en :<\/p>\n\n\n\n<ol>\n<li>Responsabilit\u00e9 civile professionnelle (RCP) &#8211; Obligation l\u00e9gale<\/li>\n\n\n\n<li>Protection juridique professionnelle (PJP) &#8211; Obligatoire pour les membres de l&rsquo;UNB<\/li>\n<\/ol>\n\n\n\n<p>La liste d\u00e9taill\u00e9e des actes pos\u00e9s par les naturopathes a \u00e9t\u00e9 communiqu\u00e9e \u00e0 nos assureurs, au Ministre f\u00e9d\u00e9ral de la Sant\u00e9 et \u00e0 l&rsquo;OMS.<\/p>\n","protected":false},"excerpt":{"rendered":"<p>1 &#8211; Je recherche un(e) Naturopathe sp\u00e9cialis\u00e9(e). Tous les naturopathes membres de l&rsquo;UNB sont comp\u00e9tents en mati\u00e8re de nutrition et de stress, c&rsquo;est le B-A &#8211; BA en naturopathie. Les sp\u00e9cialit\u00e9s (cat\u00e9gories d&rsquo;activit\u00e9) de nos membres sont mentionn\u00e9es dans notre annuaire. Nous vous sugg\u00e9rons de contacter le\/la naturopathe le plus proche de chez vous, voire &hellip; <\/p>\n<p class=\"link-more\"><a href=\"https:\/\/unb.be\/index.php\/faq\/\" class=\"more-link\">Continuer la lecture<span class=\"screen-reader-text\"> de &laquo;&nbsp;FAQ&nbsp;&raquo;<\/span><\/a><\/p>\n","protected":false},"author":1,"featured_media":0,"parent":0,"menu_order":0,"comment_status":"closed","ping_status":"closed","template":"","meta":{"footnotes":""},"_links":{"self":[{"href":"https:\/\/unb.be\/index.php\/wp-json\/wp\/v2\/pages\/130"}],"collection":[{"href":"https:\/\/unb.be\/index.php\/wp-json\/wp\/v2\/pages"}],"about":[{"href":"https:\/\/unb.be\/index.php\/wp-json\/wp\/v2\/types\/page"}],"author":[{"embeddable":true,"href":"https:\/\/unb.be\/index.php\/wp-json\/wp\/v2\/users\/1"}],"replies":[{"embeddable":true,"href":"https:\/\/unb.be\/index.php\/wp-json\/wp\/v2\/comments?post=130"}],"version-history":[{"count":8,"href":"https:\/\/unb.be\/index.php\/wp-json\/wp\/v2\/pages\/130\/revisions"}],"predecessor-version":[{"id":945,"href":"https:\/\/unb.be\/index.php\/wp-json\/wp\/v2\/pages\/130\/revisions\/945"}],"wp:attachment":[{"href":"https:\/\/unb.be\/index.php\/wp-json\/wp\/v2\/media?parent=130"}],"curies":[{"name":"wp","href":"https:\/\/api.w.org\/{rel}","templated":true}]}}