{"id":51,"date":"2021-06-10T10:20:34","date_gmt":"2021-06-10T08:20:34","guid":{"rendered":"http:\/\/unb.be\/?page_id=51"},"modified":"2024-01-18T09:26:10","modified_gmt":"2024-01-18T08:26:10","slug":"lunion","status":"publish","type":"page","link":"https:\/\/unb.be\/index.php\/a-propos\/lunion\/","title":{"rendered":"L&rsquo;Union"},"content":{"rendered":"\n<h2 class=\"wp-block-heading\"><strong>L&rsquo;Union des Naturopathes de Belgique<\/strong><\/h2>\n\n\n\n<p>L&rsquo;UNB regroupe les praticiens de sant\u00e9 naturopathes et les conseillers en hygi\u00e8ne vitale s\u00e9rieusement form\u00e9s qui s&rsquo;engagent \u00e0 respecter le Code de d\u00e9ontologie, le <a href=\"https:\/\/unb.be\/wp-content\/uploads\/2024\/01\/ROI-UNB-ASBL.pdf\">R\u00e8glement d&rsquo;ordre int\u00e9rieur<\/a> et les <a href=\"https:\/\/unb.be\/wp-content\/uploads\/2024\/01\/Statuts-UNB-ASBL.pdf\">Statuts <\/a>de l&rsquo;UNB.<\/p>\n\n\n\n<p>Elle regroupe les naturopathes de Belgique et \u0153uvre pour l&rsquo;int\u00e9gration de la naturopathie et des naturopathes dans le syst\u00e8me des soins de sant\u00e9 en Belgique et dans le monde conform\u00e9ment aux recommandations de l&rsquo;Organisation mondiale de la Sant\u00e9 (OMS).<\/p>\n\n\n\n<h3 class=\"wp-block-heading\"><strong>Le Conseil d&rsquo;administration de l&rsquo;UNB<\/strong><\/h3>\n\n\n\n<p><strong>Pr\u00e9sidente<\/strong> : B\u00e9n\u00e9dicte Jerebzoff<br><strong>Vice-pr\u00e9sidente<\/strong> : Ariane Dandoy-D&rsquo;Arienzo <br><strong>Vice-pr\u00e9sidente<\/strong> : Maddy Lecomte<br><strong><strong>Tr\u00e9sori\u00e8re<\/strong><\/strong> : Annick Laho<br><strong>Secr\u00e9taire <\/strong>: Natacha Van Cutsem<\/p>\n","protected":false},"excerpt":{"rendered":"<p>L&rsquo;Union des Naturopathes de Belgique L&rsquo;UNB regroupe les praticiens de sant\u00e9 naturopathes et les conseillers en hygi\u00e8ne vitale s\u00e9rieusement form\u00e9s qui s&rsquo;engagent \u00e0 respecter le Code de d\u00e9ontologie, le R\u00e8glement d&rsquo;ordre int\u00e9rieur et les Statuts de l&rsquo;UNB. Elle regroupe les naturopathes de Belgique et \u0153uvre pour l&rsquo;int\u00e9gration de la naturopathie et des naturopathes dans le &hellip; <\/p>\n<p class=\"link-more\"><a href=\"https:\/\/unb.be\/index.php\/a-propos\/lunion\/\" class=\"more-link\">Continuer la lecture<span class=\"screen-reader-text\"> de &laquo;&nbsp;L&rsquo;Union&nbsp;&raquo;<\/span><\/a><\/p>\n","protected":false},"author":1,"featured_media":0,"parent":49,"menu_order":0,"comment_status":"closed","ping_status":"closed","template":"","meta":{"footnotes":""},"_links":{"self":[{"href":"https:\/\/unb.be\/index.php\/wp-json\/wp\/v2\/pages\/51"}],"collection":[{"href":"https:\/\/unb.be\/index.php\/wp-json\/wp\/v2\/pages"}],"about":[{"href":"https:\/\/unb.be\/index.php\/wp-json\/wp\/v2\/types\/page"}],"author":[{"embeddable":true,"href":"https:\/\/unb.be\/index.php\/wp-json\/wp\/v2\/users\/1"}],"replies":[{"embeddable":true,"href":"https:\/\/unb.be\/index.php\/wp-json\/wp\/v2\/comments?post=51"}],"version-history":[{"count":7,"href":"https:\/\/unb.be\/index.php\/wp-json\/wp\/v2\/pages\/51\/revisions"}],"predecessor-version":[{"id":925,"href":"https:\/\/unb.be\/index.php\/wp-json\/wp\/v2\/pages\/51\/revisions\/925"}],"up":[{"embeddable":true,"href":"https:\/\/unb.be\/index.php\/wp-json\/wp\/v2\/pages\/49"}],"wp:attachment":[{"href":"https:\/\/unb.be\/index.php\/wp-json\/wp\/v2\/media?parent=51"}],"curies":[{"name":"wp","href":"https:\/\/api.w.org\/{rel}","templated":true}]}}