{"id":53,"date":"2021-06-10T10:27:21","date_gmt":"2021-06-10T08:27:21","guid":{"rendered":"http:\/\/unb.be\/?page_id=53"},"modified":"2024-01-18T09:43:38","modified_gmt":"2024-01-18T08:43:38","slug":"la-naturopathie","status":"publish","type":"page","link":"https:\/\/unb.be\/index.php\/a-propos\/la-naturopathie\/","title":{"rendered":"La Naturopathie"},"content":{"rendered":"\n<h2 class=\"wp-block-heading\"><strong>D\u00e9finition <\/strong><\/h2>\n\n\n\n<p><em>\u00ab\u00a0En g\u00e9n\u00e9ral, la naturopathie met l&rsquo;accent sur la pr\u00e9vention, le traitement et la promotion de la sant\u00e9 optimale gr\u00e2ce \u00e0 l&rsquo;utilisation de m\u00e9thodes th\u00e9rapeutiques et les modalit\u00e9s qui favorisent le processus d&rsquo;autogu\u00e9rison &#8211; <\/em><strong><em>le vis medicatrix naturae<\/em><\/strong><em>. Les approches philosophiques de la naturopathie comprennent la <\/em><strong><em>pr\u00e9vention de la maladie<\/em><\/strong><em>, la stimulation des capacit\u00e9s de gu\u00e9rison inh\u00e9rentes du corps, <\/em><strong><em>le traitement naturel de toute la personne, la responsabilit\u00e9 personnelle de sa sant\u00e9, et l&rsquo;\u00e9ducation des patients dans les modes de vie favorisant la sant\u00e9<\/em><\/strong><em>. La naturopathie m\u00eale les <\/em><strong><em>connaissances s\u00e9culaires des th\u00e9rapies naturelles avec les progr\u00e8s actuels dans la compr\u00e9hension des syst\u00e8mes humains et de sant\u00e9<\/em><\/strong><em>. la naturopathie, par cons\u00e9quent, peut \u00eatre d\u00e9crite comme la pratique g\u00e9n\u00e9rale des th\u00e9rapies de sant\u00e9 naturelles.\u00a0\u00bb<\/em><\/p>\n\n\n\n<p class=\"has-small-font-size\">Extrait de l&rsquo;Introduction du document de l&rsquo;OMS Benchmarks for Training in Naturopathy (WHO, 2010), (traduction libre) <a href=\"https:\/\/www.who.int\/publications\/i\/item\/9789241599658\">Version anglaise originale<\/a> source \u00ab Page 1 \u00bb<\/p>\n\n\n\n<h2 class=\"wp-block-heading\"><strong>Fondements et principes<\/strong><\/h2>\n\n\n\n<p>La Naturopathie vise \u00e0 l\u2019\u00e9cologie de la sant\u00e9 par l\u2019\u00e9ducation \u00e0 la sant\u00e9 naturelle.<\/p>\n\n\n\n<p>Elle puise de solides racines dans un vaste patrimoine ancestral des m\u00e9decines traditionnelles (ess\u00e9nienne, chinoise, ayurv\u00e9dique, hippocratique,\u2026) puis s\u2019est d\u00e9velopp\u00e9e aux Etats-Unis depuis plus de 150 ans et s\u2019est structur\u00e9e en Europe depuis pr\u00e8s d\u2019un si\u00e8cle pour devenir aujourd\u2019hui une discipline en pleine expansion, bien adapt\u00e9e aux occidentaux, constituant ainsi une \u00ab m\u00e9decine traditionnelle et compl\u00e9mentaire \u00bb selon l\u2019OMS.<\/p>\n\n\n\n<p>La naturopathie, la m\u00e9decine traditionnelle europ\u00e9enne, est une approche globale et syst\u00e9mique de la sant\u00e9 dans le respect des lois de la vie saine et de l&rsquo;environnement.<\/p>\n\n\n\n<p>A la fois philosophie, science et art de vivre sainement,&nbsp; elle se nourrit :<\/p>\n\n\n\n<blockquote class=\"wp-block-quote is-layout-flow wp-block-quote-is-layout-flow\">\n<p>d&rsquo;un savoir ancestral dont elle est issue, permettant d&rsquo;appr\u00e9cier la vitalit\u00e9, le temp\u00e9rament de chacun afin de r\u00e9\u00e9quilibrer le terrain, stimuler l&rsquo;\u00e9nergie vitale et favoriser ainsi l&rsquo;autor\u00e9g\u00e9n\u00e9ration par le recours aux dix agents naturels ;<\/p>\n<\/blockquote>\n\n\n\n<blockquote class=\"wp-block-quote is-layout-flow wp-block-quote-is-layout-flow\">\n<p>et des connaissances scientifiques les plus pointues concernant la sant\u00e9 humaine et qui, au demeurant, confortent l&rsquo;approche naturopathique (neuro-psycho-endocrino-immunologie, physique quantique, \u00e9cologie scientifique notamment).<\/p>\n<\/blockquote>\n\n\n\n<p>Elle vise \u00e0 promouvoir l&rsquo;\u00e9cologie de la sant\u00e9 par l&rsquo;\u00e9ducation \u00e0 la sant\u00e9 naturelle dans le but de rendre autonome le consultant dans la gestion de sa sant\u00e9 au quotidien.<\/p>\n\n\n\n<p>Elle recouvre le champ de la pr\u00e9vention primaire active et, comme toutes les autres m\u00e9decines non conventionnelles, fait partie des \u00ab \u00e9com\u00e9decines\u00bb.<\/p>\n\n\n\n<h2 class=\"wp-block-heading\"><strong>Une approche globale<\/strong><\/h2>\n\n\n\n<p>La Naturopathie consid\u00e8re en tout premier lieu l\u2019\u00eatre humain dans sa globalit\u00e9, dans ses diff\u00e9rents aspects physique, \u00e9nerg\u00e9tique, \u00e9motionnel, mental, socioculturel, etc&#8230;Sur la base d&rsquo;un bilan naturopathique, elle permet d&rsquo;\u00e9valuer et de r\u00e9\u00e9quilibrer le ou les plans, les syst\u00e8mes et organes perturb\u00e9s et contribuer ainsi \u00e0 r\u00e9tablir l\u2019harmonie entre eux.<\/p>\n\n\n\n<p>Par l\u2019hygi\u00e8ne de vie avant tout, elle \u0153uvre en toute connaissance des lois biologiques afin de stimuler les facult\u00e9s naturelles d&rsquo;autogu\u00e9rison et d&rsquo;autor\u00e9g\u00e9n\u00e9ration (la force vitale).<\/p>\n\n\n\n<h2 class=\"wp-block-heading\"><strong>Le\/La Naturopathe, un\/e \u00e9ducateur\/trice \u00e0 la sant\u00e9 \u00e9cologique<\/strong><\/h2>\n\n\n\n<p>Ses conseils, dans le cadre d\u2019une p\u00e9dagogie de sant\u00e9 et de bien-\u00eatre, visent \u00e0 am\u00e9liorer la qualit\u00e9 de vie en accord avec les lois biologiques r\u00e9gissant notre vie et notre sant\u00e9. Gr\u00e2ce \u00e0 diverses techniques d\u2019\u00e9valuation, le\/la Naturopathe \u00e9tablit un bilan vital pr\u00e9cis et s\u2019oriente vers un r\u00e9\u00e9quilibrage global du terrain.Sur base de ce bilan vital, le praticien de sant\u00e9 naturopathe propose un programme d\u2019hygi\u00e8ne vitale individualis\u00e9, qui vise \u00e0 \u00e9liminer les surcharges (d\u00e9toxination) ou les toxiques (d\u00e9toxication), combler les carences (revitalisation), \u00e9quilibrer les \u00e9nergies voire \u00e0 se r\u00e9g\u00e9n\u00e9rer aussi bien au niveau fonctionnel qu\u2019organique. Il cherche \u00e0 r\u00e9\u00e9quilibrer l\u2019alimentation, les rythmes biologiques (activit\u00e9s\/repos), favoriser l\u2019\u00e9limination physiologique naturelle, les activit\u00e9s corporelles, l\u2019hygi\u00e8ne respiratoire, pr\u00e9coniser les soins par l\u2019eau (bain locaux, g\u00e9n\u00e9raux, sauna, etc.), l\u2019utilisation \u00e0 bon escient des harmonisants naturels (plantes, huiles essentielles, compl\u00e9ments alimentaires, etc.).<\/p>\n\n\n\n<h2 class=\"wp-block-heading\"><strong>R\u00e9f\u00e9rences de l&rsquo;Organisation mondiale de la Sant\u00e9 (OMS\/WHO)<\/strong><\/h2>\n\n\n\n<ul>\n<li><a href=\"http:\/\/www.who.int\/publications\/i\/item\/9789241599658\">\u00ab Benchmarks for training in Naturopathy \u00bb, in <em>WHO<\/em>, 2010<\/a> (en anglais uniquement) (ISBN 978 92 4 159965 8).<\/li>\n\n\n\n<li><a href=\"http:\/\/www.who.int\/fr\/publications-detail\/9789241506096\"><em>Strat\u00e9gie de l&rsquo;OMS pour la m\u00e9decine traditionnelle pour 2014-2023<\/em>, OMS, 2013, Gen\u00e8ve <\/a>(ISBN 978 92 4 250609 9).<\/li>\n\n\n\n<li><a href=\"http:\/\/iris.who.int\/handle\/10665\/67295\">\u00ab\u00a0M\u00e9decine traditionnelle\u00a0: besoins croissants et potentiels\u00a0\u00bb in <em>WHO Policy Perspectives on Medicines<\/em>, 2 mai 2002<\/a> <\/li>\n\n\n\n<li><a href=\"http:\/\/iris.who.int\/handle\/10665\/67313\"><em>Strat\u00e9gie de l&rsquo;OMS pour la m\u00e9decine traditionnelle : 2002-2005<\/em>, Gen\u00e8ve, OMS, 2002, WHO\/EDM\/TRM\/2002.1.<\/a><\/li>\n<\/ul>\n\n\n\n<h2 class=\"wp-block-heading\"><strong>R\u00e9f\u00e9rence juridique<\/strong><\/h2>\n\n\n\n<ul>\n<li>&nbsp;\u00ab M\u00e9decines non conventionnelles et droit &#8211; La n\u00e9cessaire int\u00e9gration des syst\u00e8mes de sant\u00e9 en France et en Europe \u00bb &#8211; Isabelle ROBARD \u00e9d. LITEC 2002 (\u00e9puis\u00e9).<\/li>\n<\/ul>\n\n\n\n<p><\/p>\n","protected":false},"excerpt":{"rendered":"<p>D\u00e9finition \u00ab\u00a0En g\u00e9n\u00e9ral, la naturopathie met l&rsquo;accent sur la pr\u00e9vention, le traitement et la promotion de la sant\u00e9 optimale gr\u00e2ce \u00e0 l&rsquo;utilisation de m\u00e9thodes th\u00e9rapeutiques et les modalit\u00e9s qui favorisent le processus d&rsquo;autogu\u00e9rison &#8211; le vis medicatrix naturae. Les approches philosophiques de la naturopathie comprennent la pr\u00e9vention de la maladie, la stimulation des capacit\u00e9s de &hellip; <\/p>\n<p class=\"link-more\"><a href=\"https:\/\/unb.be\/index.php\/a-propos\/la-naturopathie\/\" class=\"more-link\">Continuer la lecture<span class=\"screen-reader-text\"> de &laquo;&nbsp;La Naturopathie&nbsp;&raquo;<\/span><\/a><\/p>\n","protected":false},"author":1,"featured_media":0,"parent":49,"menu_order":0,"comment_status":"closed","ping_status":"closed","template":"","meta":{"footnotes":""},"_links":{"self":[{"href":"https:\/\/unb.be\/index.php\/wp-json\/wp\/v2\/pages\/53"}],"collection":[{"href":"https:\/\/unb.be\/index.php\/wp-json\/wp\/v2\/pages"}],"about":[{"href":"https:\/\/unb.be\/index.php\/wp-json\/wp\/v2\/types\/page"}],"author":[{"embeddable":true,"href":"https:\/\/unb.be\/index.php\/wp-json\/wp\/v2\/users\/1"}],"replies":[{"embeddable":true,"href":"https:\/\/unb.be\/index.php\/wp-json\/wp\/v2\/comments?post=53"}],"version-history":[{"count":11,"href":"https:\/\/unb.be\/index.php\/wp-json\/wp\/v2\/pages\/53\/revisions"}],"predecessor-version":[{"id":932,"href":"https:\/\/unb.be\/index.php\/wp-json\/wp\/v2\/pages\/53\/revisions\/932"}],"up":[{"embeddable":true,"href":"https:\/\/unb.be\/index.php\/wp-json\/wp\/v2\/pages\/49"}],"wp:attachment":[{"href":"https:\/\/unb.be\/index.php\/wp-json\/wp\/v2\/media?parent=53"}],"curies":[{"name":"wp","href":"https:\/\/api.w.org\/{rel}","templated":true}]}}