{"id":96,"date":"2021-06-11T09:04:59","date_gmt":"2021-06-11T07:04:59","guid":{"rendered":"http:\/\/unb.be\/?page_id=96"},"modified":"2026-02-10T21:16:51","modified_gmt":"2026-02-10T20:16:51","slug":"adhesion","status":"publish","type":"page","link":"https:\/\/unb.be\/index.php\/adhesion\/","title":{"rendered":"Adh\u00e9sion"},"content":{"rendered":"\n<h2 class=\"wp-block-heading\"><strong>Les normes p\u00e9dagogiques de l&rsquo;UNB conformes \u00e0 celles de la WNF et de l&rsquo;OMS<\/strong><\/h2>\n\n\n\n<p>L&rsquo;UNB, membre effectif de la F\u00e9d\u00e9ration mondiale de Naturopathie (World Naturopathic Federation &#8211; WNF), a \u00e9tabli des normes p\u00e9dagogiques relatives \u00e0 l&rsquo;adh\u00e9sion des nouveaux membres conform\u00e9ment au r\u00e9f\u00e9rentiel de formation de l&rsquo;Organisation mondiale de la Sant\u00e9 \u00ab <a href=\"https:\/\/unb.be\/wp-content\/uploads\/2021\/09\/OMS-Benchmarks-for-training.pdf\">Benchmarks for training in Naturopathy<\/a> \u00bb (OMS, 2010)&nbsp; pour devenir membre UNB en tant que :<\/p>\n\n\n\n<ul>\n<li><strong>Conseiller(\u00e8re) en Hygi\u00e8ne Vitale <\/strong><\/li>\n\n\n\n<li><strong>Praticien(ne) de Sant\u00e9 Naturopathe<\/strong><br><\/li>\n<\/ul>\n\n\n\n<p>La WNF recommande une formation d\u2019au minimum 1.500 heures en pr\u00e9sentiel qui sera augment\u00e9e dans les ann\u00e9es \u00e0 venir.&nbsp;<\/p>\n\n\n\n<p>Les <strong>\u00e9coles reprises comme membre \u00e9ducatif de la WNF<\/strong> (voir ci-dessous) \u2013 respectant donc les normes p\u00e9dagogiques (mati\u00e8res et nombre d\u2019heures) \u2013 sont les <strong>seules recommand\u00e9es<\/strong> par l\u2019UNB<\/p>\n\n\n\n<p>En Belgique, actuellement, seule l\u2019IHMN respecte ces crit\u00e8res de formation. <\/p>\n\n\n\n<p>Deux autres \u00e9coles ont entam\u00e9 le processus mais ne sont pas encore reconnues ni par la WNF ni par l\u2019UNB (ESH et EKI-Sant\u00e9).<\/p>\n\n\n\n<p>Apr\u00e8s 13 ans de transmission et de formation certifiante, l&rsquo;ISNAT asbl a ferm\u00e9 d\u00e9finitivement ses portes le 31 d\u00e9cembre 2025.<\/p>\n\n\n\n<p><strong><em>Les formations \u00e0 distance et par correspondance ne sont donc pas reconnues par l&rsquo;UNB.<\/em><\/strong><\/p>\n\n\n\n<hr class=\"wp-block-separator has-css-opacity\"\/>\n\n\n\n<h2 class=\"wp-block-heading\"><strong>Les \u00e9coles membres \u00e9ducatifs de la<\/strong><a href=\"https:\/\/worldnaturopathicfederation.org\/educational-members\/\"><strong> World Naturopathic Federation<\/strong><\/a><\/h2>\n\n\n<div class=\"wp-block-image\">\n<figure class=\"alignleft size-large is-resized\"><img loading=\"lazy\" decoding=\"async\" width=\"800\" height=\"800\" src=\"https:\/\/unb.be\/wp-content\/uploads\/2021\/06\/WNF-PNG.png\" alt=\"\" class=\"wp-image-119\" style=\"width:256px;height:256px\" srcset=\"https:\/\/unb.be\/wp-content\/uploads\/2021\/06\/WNF-PNG.png 800w, https:\/\/unb.be\/wp-content\/uploads\/2021\/06\/WNF-PNG-300x300.png 300w, https:\/\/unb.be\/wp-content\/uploads\/2021\/06\/WNF-PNG-150x150.png 150w, https:\/\/unb.be\/wp-content\/uploads\/2021\/06\/WNF-PNG-768x768.png 768w, https:\/\/unb.be\/wp-content\/uploads\/2021\/06\/WNF-PNG-100x100.png 100w\" sizes=\"(max-width: 706px) 89vw, (max-width: 767px) 82vw, 740px\" \/><\/figure><\/div>\n\n\n<ul>\n<li><strong>Australie<\/strong> : <a href=\"http:\/\/www.endeavour.edu.au\/\">Endeavour College of Natural Health<\/a><\/li>\n<\/ul>\n\n\n\n<p><\/p>\n\n\n\n<ul>\n<li><strong>Belgique<\/strong> :<a href=\"http:\/\/www.isnat.be\/\"> <\/a><br>&#8211; <a href=\"http:\/\/www.isnat.be\/\">Institut Sup\u00e9rieur de Naturopathie Traditionnelle (ISNAT asbl)<\/a> <br>Aucune formation n\u2019est organis\u00e9e actuellement \u00e0 l\u2019ISNAT asbl.&nbsp;<br><br>&#8211; <a href=\"http:\/\/www.ihmn.be\" data-type=\"link\" data-id=\"www.ihmn.be\">Institut d&rsquo;Hygi\u00e8ne et de M\u00e9decine Naturelle (IHMN)<\/a><\/li>\n<\/ul>\n\n\n\n<p><\/p>\n\n\n\n<p><\/p>\n\n\n\n<ul>\n<li><strong>Canada<\/strong> : <br>&#8211; <a href=\"https:\/\/binm.org\/\">Boucher Institute of Naturopathic Medicine (BINM)<\/a><a href=\"http:\/\/www.ccnm.edu\/\"> <\/a><br>&#8211; <a href=\"http:\/\/www.ccnm.edu\/\">Canadian College of Naturopathic Medicine (CCNM)<\/a><\/li>\n<\/ul>\n\n\n\n<p><\/p>\n\n\n\n<ul>\n<li><strong>Espagne<\/strong> : <a href=\"http:\/\/philippusthuban.com\/\">Philippus Thuban<\/a><\/li>\n<\/ul>\n\n\n\n<p><\/p>\n\n\n\n<ul>\n<li><strong>France<\/strong> :<br>&#8211; <a href=\"http:\/\/cenatho.fr\/\">Coll\u00e8ge Europ\u00e9en de Naturopathie Traditionnelle Holistique (CENATHO)<\/a><br>&#8211; <a href=\"http:\/\/www.lafena.fr\/\">LA FENA<\/a><\/li>\n<\/ul>\n\n\n\n<p><\/p>\n\n\n\n<ul>\n<li><strong>Italie<\/strong> : <a href=\"http:\/\/www.eunam.eu\/\">EUNAM Institute<\/a><\/li>\n<\/ul>\n\n\n\n<p><\/p>\n\n\n\n<ul>\n<li><strong>Nouvelle Z\u00e9lande<\/strong> : <a href=\"http:\/\/wellpark.co.nz\/\">Wellpark College of Natural Therapies<\/a><\/li>\n<\/ul>\n\n\n\n<p><\/p>\n\n\n\n<ul>\n<li><strong>Puerto Rico<\/strong> : <a href=\"http:\/\/salud.ut.suagm.edu\/en\/salud\/doctorals-degree-naturopathic-medicine\">Naturopathic Medicine Doctorate Program, School of Health Sciences, Universidad del Turabo<\/a><\/li>\n<\/ul>\n\n\n\n<p><\/p>\n\n\n\n<ul>\n<li><strong>R\u00e9publique Tch\u00e8que<\/strong> : <a href=\"http:\/\/www.skolanaturopatie.cz\/\">\u0160kola Klinick\u00e9 Naturopatie<\/a><\/li>\n<\/ul>\n\n\n\n<p><\/p>\n\n\n\n<ul>\n<li><strong>Slovenie<\/strong> : <a href=\"https:\/\/www.naturopatska-sola.si\/\">Naturopatska Sola SAEKA<\/a><\/li>\n<\/ul>\n\n\n\n<p><\/p>\n\n\n\n<ul>\n<li><strong>Uruguay<\/strong> : <a href=\"http:\/\/www.naturopatiaysalud.com\/\">Escuela de Naturopat\u00eda del Uruguay<\/a><\/li>\n<\/ul>\n\n\n\n<p><\/p>\n\n\n\n<ul>\n<li><strong>USA<\/strong>:<br>&#8211; <a href=\"https:\/\/bastyr.edu\/academics\/naturopathic-medicine\">Bastyr University<\/a><br>&#8211; <a href=\"http:\/\/www.nunm.edu\/\">National University of Natural Medicine<\/a><\/li>\n<\/ul>\n\n\n\n<p><\/p>\n\n\n\n<hr class=\"wp-block-separator has-css-opacity\"\/>\n\n\n\n<h2 class=\"wp-block-heading\"><strong>Comment devenir membre de l&rsquo;UNB ?<\/strong><\/h2>\n\n\n\n<p>Vous pouvez soumettre une demande pour devenir membre effectif UNB en tant que Praticien de Sant\u00e9 Naturopathe&nbsp;:&nbsp;<\/p>\n\n\n\n<ul>\n<li>Si vous avez suivi une formation compl\u00e8te dans une \u00e9cole belge reconnue par l\u2019UNB et que vous \u00eates titulaire du certificat de formation de votre \u00e9cole.<\/li>\n\n\n\n<li>Si vous avez suivi une formation compl\u00e8te dans une \u00e9cole \u00e9trang\u00e8re reconnue par la WNF et que vous \u00eates titulaire du certificat ou du dipl\u00f4me de formation de votre \u00e9cole avec un minimum de 1500 heures effectives.<\/li>\n\n\n\n<li>Si vous \u00eates naturopathe depuis au moins 5 ans, et que vous avez suivi une formation compl\u00e8te d&rsquo;au moins 1500 heures en naturopathie aupr\u00e8s d\u2019une \u00e9cole non reconnue par une union professionnelle membre de la WNF, que vous \u00eates titulaire du certificat de formation de votre \u00e9cole et que vous avez poursuivi des formations continues.<\/li>\n<\/ul>\n\n\n\n<p>Vous pouvez soumettre une demande pour devenir membre effectif UNB&nbsp;en tant que Conseiller(\u00e8re) en hygi\u00e8ne vitale (pour une dur\u00e9e maximale de 3 ans) :<\/p>\n\n\n\n<ul>\n<li>Si vous \u00eates en cours de formation compl\u00e8te et que vous \u00eates titulaire d&rsquo;un dipl\u00f4me ou certificat de Conseiller(\u00e8re) en Hygi\u00e8ne vitale d&rsquo;au moins 750 heures effectives obtenu aupr\u00e8s d\u2019une \u00e9cole reconnue par l\u2019UNB ou tout autre union professionnelle membre de la WNF.<\/li>\n<\/ul>\n\n\n\n<p>Vous pouvez soumettre une demande pour devenir membre adh\u00e9rent UNB&nbsp;(pour une dur\u00e9e maximale de 3 ans) :<\/p>\n\n\n\n<ul>\n<li>Si vous \u00eates \u00e9tudiant dans une \u00e9cole reconnue par l\u2019UNB, ou tout autre union professionnelle membre de la WNF,&nbsp; et que vous avez r\u00e9ussi la premi\u00e8re ann\u00e9e d\u2019\u00e9tude.<\/li>\n<\/ul>\n\n\n\n<p>Les membres effectifs (CHV ou PSN) sont oblig\u00e9s de souscrire \u00e0 l\u2019assurance de groupe de l\u2019UNB (assurances en responsabilit\u00e9 civile professionnelle et en protection juridique professionnelle).&nbsp;<\/p>\n\n\n\n<ol>\n<li>T\u00e9l\u00e9chargez et remplissez le formulaire d\u2019inscription <a href=\"https:\/\/unb.be\/wp-content\/uploads\/2024\/01\/Formulaire_Phase1-2024.pdf\">Phase I<\/a> et la&nbsp;<a href=\"https:\/\/unb.be\/wp-content\/uploads\/2024\/01\/Declaration-sur-lhonneur-2024.pdf\">d\u00e9claration sur l\u2019honneur<\/a>&nbsp;et envoyez-les, d\u00fbment compl\u00e9t\u00e9s, avec toutes les photocopies des justificatifs de votre parcours par e-mail \u00e0 : <a href=\"mailto:info@unb.be\">info@unb.be<\/a>. <br><\/li>\n\n\n\n<li>Le Comit\u00e9 Admission examinera votre candidature. Vous serez \u00e9ventuellement invit\u00e9(e) \u00e0 un entretien et \u00e0 une \u00e9valuation de vos comp\u00e9tences. Si votre formation n\u2019est pas compl\u00e8te, vous avez la possibilit\u00e9 de la compl\u00e9ter dans une des \u00e9coles reconnues par l\u2019UNB.<br><\/li>\n\n\n\n<li>En cas d\u2019admission, vous pourrez alors t\u00e9l\u00e9charger et renvoyer le&nbsp;formulaire d\u2019inscription <a href=\"https:\/\/unb.be\/wp-content\/uploads\/2024\/01\/Formulaire_Phase2-2024.pdf\">Phase II<\/a>&nbsp;ainsi que les formulaires de la <a href=\"https:\/\/unb.be\/wp-content\/uploads\/2024\/01\/Formulaire_Phase1-2024.pdf\">Phase I<\/a> et la <a href=\"https:\/\/unb.be\/wp-content\/uploads\/2023\/02\/Declaration-honneur.pdf\">d\u00e9claration sur l\u2019honneur<\/a> par courrier postal avec tous les justificatifs \u00e0 l\u2019adresse suivante : Union des Naturopathes de Belgique, chauss\u00e9e d\u2019Alsemberg 453 &#8211; 1180 Bruxelles (Belgique) ou par e-mail \u00e0 l\u2019adresse <a href=\"mailto:info@unb.be\">info@unb.be<\/a>.<\/li>\n<\/ol>\n\n\n\n<p>Le praticien de sant\u00e9 naturopathe, ou le conseiller en hygi\u00e8ne vitale, peut figurer dans l\u2019Annuaire des Professionnels UNB s\u2019il est en ordre de cotisation et d\u2019assurance.<\/p>\n\n\n\n<p>Comme c\u2019est le cas pour beaucoup d\u2019autres professions de la sant\u00e9 naturelle, l\u2019Annuaire UNB constitue une importante caution corporative pour le professionnel et une solide garantie pour le patient en qu\u00eate d\u2019un praticien correctement form\u00e9.<\/p>\n\n\n\n<p><\/p>\n\n\n\n<hr class=\"wp-block-separator has-css-opacity\"\/>\n\n\n\n<p class=\"has-small-font-size\">Cr\u00e9dit Photo : Photo by mali maeder from Pexels<\/p>\n","protected":false},"excerpt":{"rendered":"<p>Les normes p\u00e9dagogiques de l&rsquo;UNB conformes \u00e0 celles de la WNF et de l&rsquo;OMS L&rsquo;UNB, membre effectif de la F\u00e9d\u00e9ration mondiale de Naturopathie (World Naturopathic Federation &#8211; WNF), a \u00e9tabli des normes p\u00e9dagogiques relatives \u00e0 l&rsquo;adh\u00e9sion des nouveaux membres conform\u00e9ment au r\u00e9f\u00e9rentiel de formation de l&rsquo;Organisation mondiale de la Sant\u00e9 \u00ab Benchmarks for training in &hellip; <\/p>\n<p class=\"link-more\"><a href=\"https:\/\/unb.be\/index.php\/adhesion\/\" class=\"more-link\">Continuer la lecture<span class=\"screen-reader-text\"> de &laquo;&nbsp;Adh\u00e9sion&nbsp;&raquo;<\/span><\/a><\/p>\n","protected":false},"author":1,"featured_media":0,"parent":0,"menu_order":0,"comment_status":"closed","ping_status":"closed","template":"","meta":{"footnotes":""},"_links":{"self":[{"href":"https:\/\/unb.be\/index.php\/wp-json\/wp\/v2\/pages\/96"}],"collection":[{"href":"https:\/\/unb.be\/index.php\/wp-json\/wp\/v2\/pages"}],"about":[{"href":"https:\/\/unb.be\/index.php\/wp-json\/wp\/v2\/types\/page"}],"author":[{"embeddable":true,"href":"https:\/\/unb.be\/index.php\/wp-json\/wp\/v2\/users\/1"}],"replies":[{"embeddable":true,"href":"https:\/\/unb.be\/index.php\/wp-json\/wp\/v2\/comments?post=96"}],"version-history":[{"count":47,"href":"https:\/\/unb.be\/index.php\/wp-json\/wp\/v2\/pages\/96\/revisions"}],"predecessor-version":[{"id":1361,"href":"https:\/\/unb.be\/index.php\/wp-json\/wp\/v2\/pages\/96\/revisions\/1361"}],"wp:attachment":[{"href":"https:\/\/unb.be\/index.php\/wp-json\/wp\/v2\/media?parent=96"}],"curies":[{"name":"wp","href":"https:\/\/api.w.org\/{rel}","templated":true}]}}